{"id":1078,"date":"2026-02-27T09:14:21","date_gmt":"2026-02-27T13:14:21","guid":{"rendered":"https:\/\/urbanservices.ca\/?page_id=1078"},"modified":"2026-03-04T19:00:18","modified_gmt":"2026-03-04T23:00:18","slug":"apartments-for-rent","status":"publish","type":"page","link":"https:\/\/urbanservices.ca\/en\/apartments-for-rent\/","title":{"rendered":"Apartments for Rent"},"content":{"rendered":"\t\t<div data-elementor-type=\"wp-page\" data-elementor-id=\"1078\" class=\"elementor elementor-1078 elementor-1025\" data-elementor-post-type=\"page\">\n\t\t\t\t<div class=\"elementor-element elementor-element-9daaba2 e-flex e-con-boxed e-con e-parent\" data-id=\"9daaba2\" data-element_type=\"container\" data-e-type=\"container\" data-settings=\"{&quot;background_background&quot;:&quot;classic&quot;}\">\n\t\t\t\t\t<div class=\"e-con-inner\">\n\t\t<div class=\"elementor-element elementor-element-1bda968 e-con-full e-flex elementor-invisible e-con e-child\" data-id=\"1bda968\" data-element_type=\"container\" data-e-type=\"container\" data-settings=\"{&quot;animation&quot;:&quot;fadeInLeft&quot;,&quot;animation_delay&quot;:100}\">\n\t\t\t\t<div class=\"elementor-element elementor-element-9b3c535 elementor-widget__width-inherit elementor-widget elementor-widget-heading\" data-id=\"9b3c535\" data-element_type=\"widget\" data-e-type=\"widget\" data-widget_type=\"heading.default\">\n\t\t\t\t<div class=\"elementor-widget-container\">\n\t\t\t\t\t<h2 class=\"elementor-heading-title elementor-size-default\">Apartments for rent<\/h2>\t\t\t\t<\/div>\n\t\t\t\t<\/div>\n\t\t\t\t<div class=\"elementor-element elementor-element-a3caa82 elementor-widget__width-inherit elementor-widget elementor-widget-heading\" data-id=\"a3caa82\" data-element_type=\"widget\" data-e-type=\"widget\" data-widget_type=\"heading.default\">\n\t\t\t\t<div class=\"elementor-widget-container\">\n\t\t\t\t\t<h3 class=\"elementor-heading-title elementor-size-default\">Properties Under the Management of Urban Services<\/h3>\t\t\t\t<\/div>\n\t\t\t\t<\/div>\n\t\t\t\t<\/div>\n\t\t<div class=\"elementor-element elementor-element-7b1d87f e-con-full e-flex e-con e-child\" data-id=\"7b1d87f\" data-element_type=\"container\" data-e-type=\"container\">\n\t\t\t\t<div class=\"elementor-element elementor-element-1ac93e8 elementor-widget elementor-widget-image\" data-id=\"1ac93e8\" data-element_type=\"widget\" data-e-type=\"widget\" data-widget_type=\"image.default\">\n\t\t\t\t<div class=\"elementor-widget-container\">\n\t\t\t\t\t\t\t\t\t\t\t\t\t\t\t\t<a href=\"#projects\">\n\t\t\t\t\t\t\t<img fetchpriority=\"high\" decoding=\"async\" width=\"1200\" height=\"1200\" src=\"https:\/\/urbanservices.ca\/wp-content\/uploads\/urbanservices-page-accueil-graphique-fleche.png\" class=\"elementor-animation-grow attachment-large size-large wp-image-524\" alt=\"Icon for Urban Services, a property management company located in Outaouais, more precisely in Gatineau.\" srcset=\"https:\/\/urbanservices.ca\/wp-content\/uploads\/urbanservices-page-accueil-graphique-fleche.png 1200w, https:\/\/urbanservices.ca\/wp-content\/uploads\/urbanservices-page-accueil-graphique-fleche-300x300.png 300w, https:\/\/urbanservices.ca\/wp-content\/uploads\/urbanservices-page-accueil-graphique-fleche-100x100.png 100w, https:\/\/urbanservices.ca\/wp-content\/uploads\/urbanservices-page-accueil-graphique-fleche-600x600.png 600w, https:\/\/urbanservices.ca\/wp-content\/uploads\/urbanservices-page-accueil-graphique-fleche-768x768.png 768w, https:\/\/urbanservices.ca\/wp-content\/uploads\/urbanservices-page-accueil-graphique-fleche-170x170.png 170w, https:\/\/urbanservices.ca\/wp-content\/uploads\/urbanservices-page-accueil-graphique-fleche-206x206.png 206w\" sizes=\"(max-width: 1200px) 100vw, 1200px\" \/>\t\t\t\t\t\t\t\t<\/a>\n\t\t\t\t\t\t\t\t\t\t\t\t\t\t\t<\/div>\n\t\t\t\t<\/div>\n\t\t\t\t<\/div>\n\t\t\t\t\t<\/div>\n\t\t\t\t<\/div>\n\t\t<div class=\"elementor-element elementor-element-1eda4c3 e-flex e-con-boxed e-con e-parent\" data-id=\"1eda4c3\" data-element_type=\"container\" data-e-type=\"container\" data-settings=\"{&quot;background_background&quot;:&quot;classic&quot;}\">\n\t\t\t\t\t<div class=\"e-con-inner\">\n\t\t\t\t<div class=\"elementor-element elementor-element-38048d3 elementor-widget-mobile__width-initial projects elementor-widget elementor-widget-heading\" data-id=\"38048d3\" data-element_type=\"widget\" data-e-type=\"widget\" id=\"projects\" data-widget_type=\"heading.default\">\n\t\t\t\t<div class=\"elementor-widget-container\">\n\t\t\t\t\t<h2 class=\"elementor-heading-title elementor-size-default\">Available Apartments for Rent<\/h2>\t\t\t\t<\/div>\n\t\t\t\t<\/div>\n\t\t<div class=\"elementor-element elementor-element-5130fce e-flex e-con-boxed elementor-invisible e-con e-child\" data-id=\"5130fce\" data-element_type=\"container\" data-e-type=\"container\" data-settings=\"{&quot;animation&quot;:&quot;fadeInUp&quot;}\">\n\t\t\t\t\t<div class=\"e-con-inner\">\n\t\t<a class=\"elementor-element elementor-element-8bb08ef e-con-full e-flex e-con e-child\" data-id=\"8bb08ef\" data-element_type=\"container\" data-e-type=\"container\" data-settings=\"{&quot;background_background&quot;:&quot;classic&quot;}\" href=\"https:\/\/urbanservices.ca\/en\/apartments-for-rent\/bellissimo-apartments\/\" target=\"_blank\">\n\t\t\t\t<div class=\"elementor-element elementor-element-f47ca02 elementor-widget elementor-widget-image\" data-id=\"f47ca02\" data-element_type=\"widget\" data-e-type=\"widget\" data-widget_type=\"image.default\">\n\t\t\t\t<div class=\"elementor-widget-container\">\n\t\t\t\t\t\t\t\t\t\t\t\t\t\t\t<img decoding=\"async\" width=\"1600\" height=\"800\" src=\"https:\/\/urbanservices.ca\/wp-content\/uploads\/Bellissimo-appartements-a-louer-barrhaven-ottawa-exterieur.png\" class=\"attachment-large size-large wp-image-1039\" alt=\"Image ext\u00e9rieure des Appartements Bellissimo, appartements \u00e0 louer \u00e0 Orl\u00e9ans, Ottawa\" srcset=\"https:\/\/urbanservices.ca\/wp-content\/uploads\/Bellissimo-appartements-a-louer-barrhaven-ottawa-exterieur.png 1600w, https:\/\/urbanservices.ca\/wp-content\/uploads\/Bellissimo-appartements-a-louer-barrhaven-ottawa-exterieur-768x384.png 768w, https:\/\/urbanservices.ca\/wp-content\/uploads\/Bellissimo-appartements-a-louer-barrhaven-ottawa-exterieur-1536x768.png 1536w, https:\/\/urbanservices.ca\/wp-content\/uploads\/Bellissimo-appartements-a-louer-barrhaven-ottawa-exterieur-170x85.png 170w, https:\/\/urbanservices.ca\/wp-content\/uploads\/Bellissimo-appartements-a-louer-barrhaven-ottawa-exterieur-276x138.png 276w, https:\/\/urbanservices.ca\/wp-content\/uploads\/Bellissimo-appartements-a-louer-barrhaven-ottawa-exterieur-600x300.png 600w\" sizes=\"(max-width: 1600px) 100vw, 1600px\" \/>\t\t\t\t\t\t\t\t\t\t\t\t\t\t\t<\/div>\n\t\t\t\t<\/div>\n\t\t<div class=\"elementor-element elementor-element-94ccc82 e-flex e-con-boxed e-con e-child\" data-id=\"94ccc82\" data-element_type=\"container\" data-e-type=\"container\">\n\t\t\t\t\t<div class=\"e-con-inner\">\n\t\t\t\t<div class=\"elementor-element elementor-element-eae28df elementor-widget-mobile__width-initial elementor-widget elementor-widget-heading\" data-id=\"eae28df\" data-element_type=\"widget\" data-e-type=\"widget\" data-widget_type=\"heading.default\">\n\t\t\t\t<div class=\"elementor-widget-container\">\n\t\t\t\t\t<h3 class=\"elementor-heading-title elementor-size-default\">Bellissimo Townhouses<\/h3>\t\t\t\t<\/div>\n\t\t\t\t<\/div>\n\t\t\t\t<div class=\"elementor-element elementor-element-574346b text-normal elementor-widget__width-inherit elementor-widget elementor-widget-text-editor\" data-id=\"574346b\" data-element_type=\"widget\" data-e-type=\"widget\" data-widget_type=\"text-editor.default\">\n\t\t\t\t<div class=\"elementor-widget-container\">\n\t\t\t\t\t\t\t\t\t<p>Townhouses for Rent in Orl\u00e9ans, Ottawa<\/p>\t\t\t\t\t\t\t\t<\/div>\n\t\t\t\t<\/div>\n\t\t\t\t\t<\/div>\n\t\t\t\t<\/div>\n\t\t\t\t<\/a>\n\t\t\t\t\t<\/div>\n\t\t\t\t<\/div>\n\t\t\t\t\t<\/div>\n\t\t\t\t<\/div>\n\t\t\t\t<\/div>\n\t\t","protected":false},"excerpt":{"rendered":"<p>Apartments for rent Properties Under the Management of Urban Services Available Apartments for Rent Bellissimo Townhouses Townhouses for Rent in Orl\u00e9ans, Ottawa<\/p>\n","protected":false},"author":5,"featured_media":1045,"parent":0,"menu_order":0,"comment_status":"closed","ping_status":"closed","template":"","meta":{"_acf_changed":false,"inline_featured_image":false,"footnotes":""},"class_list":["post-1078","page","type-page","status-publish","has-post-thumbnail","hentry"],"acf":[],"_links":{"self":[{"href":"https:\/\/urbanservices.ca\/en\/wp-json\/wp\/v2\/pages\/1078","targetHints":{"allow":["GET"]}}],"collection":[{"href":"https:\/\/urbanservices.ca\/en\/wp-json\/wp\/v2\/pages"}],"about":[{"href":"https:\/\/urbanservices.ca\/en\/wp-json\/wp\/v2\/types\/page"}],"author":[{"embeddable":true,"href":"https:\/\/urbanservices.ca\/en\/wp-json\/wp\/v2\/users\/5"}],"replies":[{"embeddable":true,"href":"https:\/\/urbanservices.ca\/en\/wp-json\/wp\/v2\/comments?post=1078"}],"version-history":[{"count":0,"href":"https:\/\/urbanservices.ca\/en\/wp-json\/wp\/v2\/pages\/1078\/revisions"}],"wp:featuredmedia":[{"embeddable":true,"href":"https:\/\/urbanservices.ca\/en\/wp-json\/wp\/v2\/media\/1045"}],"wp:attachment":[{"href":"https:\/\/urbanservices.ca\/en\/wp-json\/wp\/v2\/media?parent=1078"}],"curies":[{"name":"wp","href":"https:\/\/api.w.org\/{rel}","templated":true}]}}